{"id":13431,"date":"2022-01-21T20:34:09","date_gmt":"2022-01-21T20:34:09","guid":{"rendered":"https:\/\/aerocar.mx\/?page_id=13431"},"modified":"2022-04-13T20:42:32","modified_gmt":"2022-04-13T20:42:32","slug":"about-us","status":"publish","type":"page","link":"https:\/\/aerocar.mx\/es\/about-us\/","title":{"rendered":"Nosotros"},"content":{"rendered":"<div class=\"wpb-content-wrapper\"><section data-vc-full-width=\"true\" data-vc-full-width-init=\"false\" class=\"vc_section vc_section_visible pix-intro-1 vc_custom_1643824918678\" data-section-name=\"\"><div class=\"pix_element_overlay bg-black\" style=\"pointer-events:none;;position:absolute;width:100%;height:100%;top:0;left:0;opacity:1;\"><\/div><div class=\"fullpage-container\"><div class=\"pix-intro-img jarallax\" data-jarallax data-speed=\"0.8\"><img decoding=\"async\" loading=\"lazy\" class=\"jarallax-img pix-opacity-6\"  src=\"https:\/\/aerocar.mx\/wp-content\/uploads\/2022\/02\/about-us-aerocar-scaled.jpg\" alt=\"\" \/><\/div><\/div><div class=\"pix-divider pix-bottom-divider\" data-style=\"style-18\" style=\"bottom:-1px;\"><svg xmlns=\"http:\/\/www.w3.org\/2000\/svg\" width=\"100%\"  viewbox=\"0 0 1200 500\" preserveaspectratio=\"none\"><path fill=\"rgba(255,255,255,0.3)\"  d=\"M1200,0 L1200,500 L0,500 L0,0.217671335 L560.822718,467.729764 C576.243831,480.585087 582.976586,483.900924 591.005571,486.072819 C599.034555,488.244713 607.100903,488.223251 615.118269,486.008662 C623.135636,483.794073 629.850732,480.442455 645.203531,467.505252 L1200,0 Z\"  \/><path fill=\"rgba(255,255,255,0.6)\"  d=\"M1200,79 L1200,500 L0,500 L0,79 L560.822718,467.726685 C576.243831,480.583234 582.976586,483.899388 591.005571,486.07149 C599.034555,488.243592 607.100903,488.222128 615.118269,486.007327 C623.135636,483.792527 629.850732,480.440589 645.203531,467.502152 L1200,79 Z\" \/><path fill=\"#ffffff\" d=\"M1200,159 L1200,500 L0,500 L0,159 L560.822718,467.708648 C576.243831,480.572382 582.976586,483.89039 591.005571,486.063705 C599.034555,488.237021 607.100903,488.215545 615.118269,485.999507 C623.135636,483.783468 629.850732,480.429657 645.203531,467.483989 L1200,159 Z\"\/><defs><\/defs><\/svg><\/div><div data-vc-full-width=\"true\" data-vc-full-width-init=\"false\" class=\"vc_row wpb_row vc_row-fluid vc_row_visible vc_custom_1643846426907 vc_row-o-content-middle vc_row-flex\"><div class=\"wpb_column vc_column_container vc_col-sm-12 text-left\"><div class=\"vc_column-inner\"><div class=\"wpb_wrapper\"><div class=\"mb-3 text-center  vc_custom_1645027088349\"><div class=\"d-inline-block\" style=\"max-width:800px;\"><h1 class=\"mb-32 pix-sliding-headline font-weight-bold secondary-font\" data-class=\"secondary-font text-white\" data-style=\"\">Somos AEROCAR<\/h1><\/div><\/div><div class=\"pix-el-text slide-in-container w-100 text-center  vc_custom_1645028100247\" ><p class=\"text-24  text-white text-center\" >La <strong>aerol\u00ednea de carga<\/strong> m\u00e1s r\u00e1pida y segura en Am\u00e9rica.<\/p><\/div><div class=\"pix-el-text slide-in-container w-100 text-center\" ><p class=\"text-24  text-white text-center\" >Tu mercanc\u00eda siempre estar\u00e1 en buenas manos con <strong>AEROCAR.<\/strong><\/p><\/div><\/div><\/div><\/div><\/div><div class=\"vc_row-full-width vc_clearfix\"><\/div><\/section><div class=\"vc_row-full-width vc_clearfix\"><\/div><section id=\"pix_section_features\" data-vc-full-width=\"true\" data-vc-full-width-init=\"false\" class=\"vc_section vc_section_visible custom-responsive-139557674 vc_custom_1643822994245 vc_section-has-fill\" data-section-name=\"\"><div class=\"vc_row wpb_row vc_row-fluid vc_row_visible custom-responsive-198190794 vc_custom_1613524951106\"><div class=\"wpb_column vc_column_container vc_col-sm-12 text-left\"><div class=\"vc_column-inner\"><div class=\"wpb_wrapper\"><div id=\"highlighted-text-137225670\" class=\"text-center  vc_custom_1643830863361\"><div class=\"d-inline-block\" style=\"max-width:600px;\"><h2 class=\"text-heading-default\"  data-anim-type=\"\" data-anim-delay=\"0\"><span class=\"font-weight-normal  heading-font\">\u00bfPor qu\u00e9 <\/span><span class=\"pix-highlighted-text  font-weight-normal  font-weight-bold heading-font highlighted-text-137225670-1 animate-in\" data-anim-type=\"highlight-grow\" data-anim-delay=\"200\">Aerocar<\/span><span class=\"font-weight-normal  heading-font\"> es la mejor <\/span><span class=\"pix-highlighted-text  font-weight-normal  font-weight-bold heading-font highlighted-text-137225670-3 animate-in\" data-anim-type=\"highlight-grow\" data-anim-delay=\"200\">opci\u00f3n?<\/span><\/h2><\/div><\/div><\/div><\/div><\/div><\/div><div class=\"vc_row wpb_row vc_row-fluid vc_row_visible vc_custom_1643822000481 vc_row-has-fill\"><div class=\"wpb_column vc_column_container vc_col-sm-12 vc_col-has-fill text-left\"><div class=\"vc_column-inner custom-responsive-125907605 vc_custom_1643822125238\"><div class=\"pix_element_overlay bg-black\" style=\"pointer-events:none;position:absolute;width:100%;height:100%;top:0;left:0;opacity:0.3;\"><\/div><div class=\"wpb_wrapper\"><div id=\"1643821455176-8ef7e51c-fbf1\" class=\"media  vc_custom_1643822119981\"><div class=\"mr-3 feature_img\"   style=\"position:relative;text-align:center;\"><i style=\"display:inline-block;font-size:30px;min-width:30px;line-height:30px;\" class=\"text-white align-middle pixicon-medal-star-2\"><\/i><\/div><div class=\"media-body\"><h6 class=\"font-weight-bold   text-heading-default\" style=\"padding-top:8px;\"  ><\/h6><div class=\"text-text-gray text-20\" style=\"\"  ><\/div><\/div><\/div><div id=\"highlighted-text-124177098\" class=\"text-left  vc_custom_1643822049272\"><h3 class=\"text-white\"  data-anim-type=\"\" data-anim-delay=\"0\"><span class=\"font-weight-normal  heading-font\">Nuestras <\/span><span class=\"pix-highlighted-text  font-weight-normal  font-weight-bold heading-font highlighted-text-124177098-1 animate-in\" data-anim-type=\"highlight-grow\" data-anim-delay=\"200\">Visi\u00f3n<\/span><\/h3><\/div><div class=\"pix-el-text slide-in-container w-100   vc_custom_1643831253263\" ><p class=\"text-20  text-white\" >La visi\u00f3n de AEROCAR es desarrollar nuevas opciones y tecnolog\u00edas para <strong>transportar tu carga de la manera m\u00e1s r\u00e1pida y segura.<\/strong><\/p><\/div><\/div><\/div><\/div><\/div><div class=\"vc_row wpb_row vc_row-fluid vc_row_visible custom-responsive-56760599 vc_custom_1643821898930 vc_row-has-fill\"><div class=\"wpb_column vc_column_container vc_col-sm-6 text-left\"><div class=\"vc_column-inner custom-responsive-169779684 vc_custom_1613525163082\"><div class=\"wpb_wrapper\"><div id=\"1613524452213-d302f092-6826\" class=\"media  vc_custom_1643821330824\"><div class=\"mr-3 feature_img\"   style=\"position:relative;text-align:center;\"><i style=\"display:inline-block;font-size:30px;min-width:30px;line-height:30px;\" class=\"text-primary align-middle pixicon-plane-takingoff-2\"><\/i><\/div><div class=\"media-body\"><h6 class=\"font-weight-bold   text-heading-default\" style=\"padding-top:8px;\"  ><\/h6><div class=\"text-text-gray text-20\" style=\"\"  ><\/div><\/div><\/div><div id=\"highlighted-text-80041641\" class=\"text-left  vc_custom_1643821303576\"><h3 class=\"text-heading-default\"  data-anim-type=\"\" data-anim-delay=\"0\"><span class=\"font-weight-normal  heading-font\">Nuestras <\/span><span class=\"pix-highlighted-text  font-weight-normal  font-weight-bold heading-font highlighted-text-80041641-1 animate-in\" data-anim-type=\"highlight-grow\" data-anim-delay=\"200\">Misi\u00f3n<\/span><\/h3><\/div><div class=\"pix-el-text slide-in-container w-100   vc_custom_1643830922765\" ><p class=\"text-20  text-dark-opacity-5\" >Definirnos como <i>excelencia en servicio<\/i> para con nuestros clientes, brindando y garantizando el <strong>transporte seguro de su carga con los precios m\u00e1s competitivos del mercado.<\/strong><\/p><\/div><div class=\"pix-el-text slide-in-container w-100   vc_custom_1643831857929\" ><p class=\"text-20  text-dark-opacity-5\" >Ser una empresa comprometida con el incrementar la calidad en cada etapa de nuestro proceso y <strong>asegurar la entrega del servicio en tiempo y forma.<\/strong> As\u00ed como buscar nuevas tecnolog\u00edas para hacer de AEROCAR una empresa sostenible.<\/p><\/div><\/div><\/div><\/div><div class=\"wpb_column vc_column_container vc_col-sm-6 vc_col-has-fill text-left\"><div class=\"vc_column-inner custom-responsive-155809470 vc_custom_1613525173506\"><div class=\"wpb_wrapper\"><div id=\"1607664135887-0775a926-1ae9\" class=\"media  vc_custom_1643821605410\"><div class=\"mr-3 feature_img\"   style=\"position:relative;text-align:center;\"><i style=\"display:inline-block;font-size:30px;min-width:30px;line-height:30px;\" class=\"text-primary align-middle pixicon-check-circle-2\"><\/i><\/div><div class=\"media-body\"><h6 class=\"font-weight-bold   text-heading-default\" style=\"padding-top:8px;\"  ><\/h6><div class=\"text-text-gray text-20\" style=\"\"  ><\/div><\/div><\/div><div id=\"highlighted-text-190308738\" class=\"text-left  vc_custom_1643821619474\"><h3 class=\"text-heading-default\"  data-anim-type=\"\" data-anim-delay=\"0\"><span class=\"font-weight-normal  heading-font\">Nuestras <\/span><span class=\"pix-highlighted-text  font-weight-normal  font-weight-bold heading-font highlighted-text-190308738-1 animate-in\" data-anim-type=\"highlight-grow\" data-anim-delay=\"200\">Especialidad<\/span><\/h3><\/div><div class=\"pix-el-text slide-in-container w-100   vc_custom_1643831045752\" ><p class=\"text-20  text-dark-opacity-5\" >Somos una compa\u00f1\u00eda <strong>especializada en la carga urgente.<\/strong> Estamos comprometidos a brindarte las mejores opciones para <strong>transportar tu carga de la manera m\u00e1s r\u00e1pida y segura.<\/strong> Nuestros rigurosos procesos en calidad nos permite tener un <strong>99% de efectividad en nuestras unidades.<\/strong><br \/>\r\n<\/p><\/div><div class=\"pix-el-text slide-in-container w-100   vc_custom_1643831054914\" ><p class=\"text-20  text-dark-opacity-5\" >Conscientes de la alta presi\u00f3n y precisi\u00f3n con la que se maneja este tipo de carga, nuestro equipo con <strong>m\u00e1s de 30 a\u00f1os de experiencia<\/strong> est\u00e1 calificado para asesorarte en cualquier parte del proceso del ch\u00e1rter a\u00e9reo o terrestre. Somos la \u00fanica compa\u00f1\u00eda que brinda el <strong>servicio de rastreo del material en tiempo real con video.<\/strong><br \/>\r\n<\/p><\/div><\/div><\/div><\/div><\/div><div class=\"vc_row wpb_row vc_row-fluid vc_row_visible custom-responsive-70464375 vc_custom_1613524978939\"><div class=\"wpb_column vc_column_container vc_col-sm-12 text-left\"><div class=\"vc_column-inner\"><div class=\"wpb_wrapper\"><div class=\"d-block w-100 text-center\"><a  href=\"https:\/\/aerocar.mx\/es\/contact\/\" class=\"btn mb-2     shadow-sm btn-primary-light d-inline-block      pix-btn-div btn-lg\"     ><span class=\"\" >Cont\u00e1ctanos<\/span><\/a><\/div><\/div><\/div><\/div><\/div><\/section><div class=\"vc_row-full-width vc_clearfix\"><\/div>\r\n<\/div>","protected":false},"excerpt":{"rendered":"Somos AEROCARLa aerol\u00ednea de carga m\u00e1s r\u00e1pida y segura en Am\u00e9rica.Your merchandise will always be in good hands with AEROCAR.Why Is Aerocar The Best Choice?Our VissionAEROCAR\u2019s vision is to develop new options and technologies to transport your cargo in the...","protected":false},"author":1,"featured_media":0,"parent":0,"menu_order":0,"comment_status":"closed","ping_status":"closed","template":"","meta":{"inline_featured_image":false,"footnotes":""},"class_list":["post-13431","page","type-page","status-publish","hentry"],"_links":{"self":[{"href":"https:\/\/aerocar.mx\/es\/wp-json\/wp\/v2\/pages\/13431","targetHints":{"allow":["GET"]}}],"collection":[{"href":"https:\/\/aerocar.mx\/es\/wp-json\/wp\/v2\/pages"}],"about":[{"href":"https:\/\/aerocar.mx\/es\/wp-json\/wp\/v2\/types\/page"}],"author":[{"embeddable":true,"href":"https:\/\/aerocar.mx\/es\/wp-json\/wp\/v2\/users\/1"}],"replies":[{"embeddable":true,"href":"https:\/\/aerocar.mx\/es\/wp-json\/wp\/v2\/comments?post=13431"}],"version-history":[{"count":52,"href":"https:\/\/aerocar.mx\/es\/wp-json\/wp\/v2\/pages\/13431\/revisions"}],"predecessor-version":[{"id":14261,"href":"https:\/\/aerocar.mx\/es\/wp-json\/wp\/v2\/pages\/13431\/revisions\/14261"}],"wp:attachment":[{"href":"https:\/\/aerocar.mx\/es\/wp-json\/wp\/v2\/media?parent=13431"}],"curies":[{"name":"wp","href":"https:\/\/api.w.org\/{rel}","templated":true}]}}