{"id":14187,"date":"2022-04-07T16:59:04","date_gmt":"2022-04-07T16:59:04","guid":{"rendered":"https:\/\/aerocar.mx\/?page_id=14187"},"modified":"2022-04-14T22:23:46","modified_gmt":"2022-04-14T22:23:46","slug":"services","status":"publish","type":"page","link":"https:\/\/aerocar.mx\/es\/services\/","title":{"rendered":"Services"},"content":{"rendered":"<div class=\"wpb-content-wrapper\"><section data-vc-full-width=\"true\" data-vc-full-width-init=\"false\" class=\"vc_section vc_section_visible pix-intro-1 vc_custom_1649865170182 vc_row-o-full-height vc_section-o-content-middle vc_section-flex bg-gradient-dark\" data-section-name=\"\"><div class=\"pix_element_overlay bg-gradient-primary\" style=\"pointer-events:none;;position:absolute;width:100%;height:100%;top:0;left:0;opacity:1;\"><\/div><div class=\"fullpage-container\"><div class=\"pix-intro-img jarallax\" data-jarallax data-speed=\"0.8\"><img decoding=\"async\" loading=\"lazy\" class=\"jarallax-img pix-opacity-9\"  src=\"https:\/\/aerocar.mx\/wp-content\/uploads\/2022\/04\/aerocar-plane-services-scaled.jpg\" alt=\"\" \/><\/div><\/div><div class=\"pix-divider pix-bottom-divider\" data-style=\"style-19\" style=\"bottom:-1px;\"><svg xmlns=\"http:\/\/www.w3.org\/2000\/svg\" width=\"100%\" height=\"300px\" viewbox=\"0 0 1200 415\" preserveaspectratio=\"none\"><path fill=\"rgba(255,255,255,0.3)\"  d=\"M5.68434189e-13,292.788567 C80.6666667,271.41188 159.333333,260.723537 236,260.723537 C421,260.723537 525,344.759008 670,273.729027 C788.879994,215.494242 940.849865,-5.02123357 1200,0.788566864 C1200,33.4552335 1200,171.525711 1200,415 L9.19819776e-13,414.788567 L5.68434189e-13,292.788567 Z\"  \/><path fill=\"rgba(255,255,255,0.6)\"  d=\"M2.08355555e-12,332.788567 C80.6666667,284.745214 159.333333,260.723537 236,260.723537 C421,260.723537 525,344.759008 670,273.729027 C789.08369,215.39446 940.387018,21.5609115 1200,37.7885669 C1200,55.7885669 1200,181.525711 1200,415 L1.8189894e-12,414.788567 L2.08355555e-12,332.788567 Z\" \/><path fill=\"#ffffff\" d=\"M9.09494702e-13,373.771254 C80.6666667,298.406109 159.333333,260.723537 236,260.723537 C421,260.723537 525,344.759008 670,273.729027 C789.088175,215.392262 940.369069,48.85905 1200,74.7885669 C1200,148.788567 1200,262.192378 1200,415 L1.0227342e-12,414.788567 L9.09494702e-13,373.771254 Z\"\/><defs><\/defs><\/svg><\/div><div class=\"vc_row wpb_row vc_row-fluid vc_row_visible vc_custom_1590542974553\"><div class=\"wpb_column vc_column_container vc_col-sm-12 text-left\"><div class=\"vc_column-inner  vc_custom_1589595508057\"><div class=\"wpb_wrapper\"><div class=\"mb-3 text-left  vc_custom_1649796220243\"><div class=\"d-inline-block\" style=\"max-width:900px;\"><h2 class=\"mb-32 pix-sliding-headline font-weight-bold secondary-font display-2\" data-class=\"secondary-font text-white\" data-style=\"\">AEROCAR: \u00bfQu\u00e9 ofrecemos?<\/h2><\/div><\/div><div class=\"pix-el-text slide-in-container w-100\" ><div class=\"d-inline-block\" style=\"max-width:500px;\"><p class=\"text-20  text-white\" ><span class=\"animate-in d-inline-block\" data-anim-delay=\"400\" data-anim-type=\"fade-in-up\">Aerocar provee <strong>servicios de carga a\u00e9rea de alta calidad.<\/strong> Somos especialistas comprometidos con la <strong>entrega segura de tu mercanc\u00eda.<\/strong><br \/>\r\n<\/span><\/p><\/div><\/div><a  href=\"https:\/\/aerocar.mx\/es\/about-us\/\" class=\"btn mb-2     text-body-default btn-white d-inline-block      animate-in btn-lg\"   data-anim-type=\"fade-in-left\" data-anim-delay=\"800\" ><span class=\"\" >Sobre nosotros<\/span><\/a><\/div><\/div><\/div><\/div><\/section><div class=\"vc_row-full-width vc_clearfix\"><\/div><section data-vc-full-width=\"true\" data-vc-full-width-init=\"false\" class=\"vc_section vc_section_visible custom-responsive-138980348 vc_custom_1649893780656 vc_section-has-fill\" data-section-name=\"\"><div id=\"pix_section_urgent\" class=\"vc_row wpb_row vc_row-fluid vc_row_visible\"><div class=\"wpb_column vc_column_container vc_col-sm-6 text-left\"><div class=\"vc_column-inner\"><div class=\"wpb_wrapper\"><div id=\"1607914663244-28890cce-4dc8\" class=\"media  vc_custom_1649866251867\"><div class=\"mr-3 feature_img\"   style=\"position:relative;text-align:center;\"><i style=\"display:inline-block;font-size:30px;min-width:30px;line-height:30px;\" class=\"text-body-default align-middle pixicon-check-square-2\"><\/i><\/div><div class=\"media-body\"><h6 class=\"font-weight-bold   text-heading-default\" style=\"padding-top:5px;\"  ><\/h6><div class=\"text-text-gray text-20\" style=\"\"  ><\/div><\/div><\/div><div id=\"highlighted-text-64927155\" class=\"text-left  vc_custom_1649886151476\"><h3 class=\"text-heading-default\"  data-anim-type=\"\" data-anim-delay=\"0\"><span class=\"pix-highlighted-text  font-weight-normal  font-weight-bold heading-font highlighted-text-64927155-0 animate-in\" data-anim-type=\"highlight-grow\" data-anim-delay=\"200\"> Ch\u00e1rter<\/span><span class=\"font-weight-normal  heading-font\"> Urgente<\/span><\/h3><\/div><div class=\"pix-el-text slide-in-container w-100   vc_custom_1649890841972\" ><p class=\"text-20  text-dark-opacity-5\" ><\/p>\r\n<p class=\"text-justify\">Contamos con las certificaciones y la capacitaci\u00f3n necesaria para <strong>recolectar y enviar cualquier tipo de producto.<\/strong> Aerocar, como una aerol\u00ednea de carga, se especializa en vuelos ch\u00e1rter por toda Am\u00e9rica. Ofrecemos <strong>el <strong>transporte m\u00e1s r\u00e1pido de material urgente y delicado.<\/strong><\/strong> El ch\u00e1rter es la soluci\u00f3n de transporte m\u00e1s r\u00e1pida que existe en el mercado. Las empresas utilizan este servicio por distintas razones:<\/p>\r\n<p><\/p><\/div><div id=\"duo-icon-188961974\" class=\"slide-in-container w-100   vc_custom_1649886503865\" ><div class=\"py-2 animate-in\" data-anim-type=\"fade-in-up\" data-anim-delay=\"0\"><div class=\"pix-feature-list text-20       py-2 d-flex align-items-center\" ><i class=\"pixicon-angle-circle-right mr-2 text-primary\" ><\/i><span class=\"text-heading-default\">Evitar los paros en l\u00edneas de producci\u00f3n.<\/span><\/div><div class=\"pix-feature-list text-20       py-2 d-flex align-items-center\" ><i class=\"pixicon-angle-circle-right mr-2 text-primary\" ><\/i><span class=\"text-heading-default\"> JIT (Justo a tiempo), para tener suficiente inventario.<\/span><\/div><div class=\"pix-feature-list text-20       py-2 d-flex align-items-center\" ><i class=\"pixicon-angle-circle-right mr-2 text-primary\" ><\/i><span class=\"text-heading-default\">Prototipos de material <\/span><\/div><div class=\"pix-feature-list text-20       py-2 d-flex align-items-center\" ><i class=\"pixicon-angle-circle-right mr-2 text-primary\" ><\/i><span class=\"text-heading-default\">Problemas fronterizos. <\/span><\/div><div class=\"pix-feature-list text-20       py-2 d-flex align-items-center\" ><i class=\"pixicon-angle-circle-right mr-2 text-primary\" ><\/i><span class=\"text-heading-default\">Materiales perecederos (como farmac\u00e9uticos).<\/span><\/div><div class=\"pix-feature-list text-20       py-2 d-flex align-items-center\" ><i class=\"pixicon-angle-circle-right mr-2 text-primary\" ><\/i><span class=\"text-heading-default\">Problemas de transporte. <\/span><\/div><div class=\"pix-feature-list text-20       py-2 d-flex align-items-center\" ><i class=\"pixicon-angle-circle-right mr-2 text-primary\" ><\/i><span class=\"text-heading-default\">Urgencias de paqueter\u00eda y material.<\/span><\/div><\/div><\/div><div class=\"pix-el-text slide-in-container w-100   vc_custom_1649957037163\" ><p class=\"text-18  text-dark-opacity-5\" ><\/p>\r\n<p class=\"text-justify\">Como aerol\u00ednea, estamos certificados en todos los sentidos para llegar y partir de cualquier aeropuerto en Am\u00e9rica. Nuestro equipo, despu\u00e9s de la confirmaci\u00f3n de tu servicio, estar\u00e1 <strong>listo para partir en menos de 2 horas.<\/strong> Como sabemos lo cr\u00edtico que es este servicio, nuestros operadores entrenados te guiar\u00e1n paso a paso para que no haya ninguna interrupci\u00f3n en tu servicio.<\/p>\r\n<p><\/p><\/div><a  href=\"https:\/\/aerocar.mx\/es\/about-us\/\" class=\"btn mb-2     text-primary btn-link text-primary-light d-inline-block pix-hover-item  no-padding     btn-lg\"     ><span class=\"\" >\u00a1Con\u00f3cenos!<\/span> <i class=\"pixicon-angle-circle-right  pix-hover-right  ml-1\"><\/i><\/a><\/div><\/div><\/div><div class=\"wpb_column vc_column_container vc_col-sm-6 text-left\"><div class=\"vc_column-inner\"><div class=\"wpb_wrapper\">\n\t<div  class=\"wpb_single_image wpb_content_element vc_align_left wpb_content_element wpb_animate_when_almost_visible wpb_right-to-left right-to-left\">\n\t\t\n\t\t<figure class=\"wpb_wrapper vc_figure\">\n\t\t\t<div class=\"vc_single_image-wrapper   vc_box_border_grey\"><img loading=\"lazy\" decoding=\"async\" width=\"624\" height=\"1024\" src=\"https:\/\/aerocar.mx\/wp-content\/uploads\/2022\/04\/cargo-airline-aerocar-624x1024.png\" class=\"vc_single_image-img attachment-large\" alt=\"\" title=\"cargo-airline-aerocar\" srcset=\"https:\/\/aerocar.mx\/wp-content\/uploads\/2022\/04\/cargo-airline-aerocar-624x1024.png 624w, https:\/\/aerocar.mx\/wp-content\/uploads\/2022\/04\/cargo-airline-aerocar-183x300.png 183w, https:\/\/aerocar.mx\/wp-content\/uploads\/2022\/04\/cargo-airline-aerocar-768x1260.png 768w, https:\/\/aerocar.mx\/wp-content\/uploads\/2022\/04\/cargo-airline-aerocar-7x12.png 7w, https:\/\/aerocar.mx\/wp-content\/uploads\/2022\/04\/cargo-airline-aerocar.png 800w\" sizes=\"auto, (max-width: 624px) 100vw, 624px\" \/><\/div>\n\t\t<\/figure>\n\t<\/div>\n<\/div><\/div><\/div><\/div><div id=\"pix_section_ground\" class=\"vc_row wpb_row vc_row-fluid vc_row_visible\"><div class=\"wpb_column vc_column_container vc_col-sm-6 text-left\"><div class=\"vc_column-inner\"><div class=\"wpb_wrapper\">\n\t<div  class=\"wpb_single_image wpb_content_element vc_align_left wpb_content_element wpb_animate_when_almost_visible wpb_left-to-right left-to-right\">\n\t\t\n\t\t<figure class=\"wpb_wrapper vc_figure\">\n\t\t\t<div class=\"vc_single_image-wrapper   vc_box_border_grey\"><img loading=\"lazy\" decoding=\"async\" width=\"1080\" height=\"1360\" src=\"https:\/\/aerocar.mx\/wp-content\/uploads\/2022\/04\/aerocar-shipments-2022.png\" class=\"vc_single_image-img attachment-full\" alt=\"\" title=\"aerocar-shipments-2022\" srcset=\"https:\/\/aerocar.mx\/wp-content\/uploads\/2022\/04\/aerocar-shipments-2022.png 1080w, https:\/\/aerocar.mx\/wp-content\/uploads\/2022\/04\/aerocar-shipments-2022-238x300.png 238w, https:\/\/aerocar.mx\/wp-content\/uploads\/2022\/04\/aerocar-shipments-2022-813x1024.png 813w, https:\/\/aerocar.mx\/wp-content\/uploads\/2022\/04\/aerocar-shipments-2022-768x967.png 768w, https:\/\/aerocar.mx\/wp-content\/uploads\/2022\/04\/aerocar-shipments-2022-10x12.png 10w\" sizes=\"auto, (max-width: 1080px) 100vw, 1080px\" \/><\/div>\n\t\t<\/figure>\n\t<\/div>\n<\/div><\/div><\/div><div class=\"wpb_column vc_column_container vc_col-sm-6 text-left\"><div class=\"vc_column-inner\"><div class=\"wpb_wrapper\"><div id=\"1649874529426-a93ad567-cf59\" class=\"media  vc_custom_1649866251867\"><div class=\"mr-3 feature_img\"   style=\"position:relative;text-align:center;\"><i style=\"display:inline-block;font-size:30px;min-width:30px;line-height:30px;\" class=\"text-body-default align-middle pixicon-check-square-2\"><\/i><\/div><div class=\"media-body\"><h6 class=\"font-weight-bold   text-heading-default\" style=\"padding-top:5px;\"  ><\/h6><div class=\"text-text-gray text-20\" style=\"\"  ><\/div><\/div><\/div><div id=\"highlighted-text-108316947\" class=\"text-left  vc_custom_1649887256189\"><h3 class=\"text-heading-default\"  data-anim-type=\"\" data-anim-delay=\"0\"><span class=\"pix-highlighted-text  font-weight-normal  font-weight-bold heading-font highlighted-text-108316947-0 animate-in\" data-anim-type=\"highlight-grow\" data-anim-delay=\"200\">Asistencia<\/span><span class=\"font-weight-normal  heading-font\"> en Tierra<\/span><\/h3><\/div><div class=\"pix-el-text slide-in-container w-100   vc_custom_1649957081416\" ><p class=\"text-20  text-dark-opacity-5\" ><\/p>\r\n<p class=\"text-justify\">Nuestras <strong>certificaciones y permisos<\/strong> nos permiten tener una <strong>amplia cobertura en M\u00e9xico, USA y Canad\u00e1.<\/strong><br \/>\r\n<strong>La asistencia en tierra de aeronaves<\/strong> incluye todos los servicios que los aviones necesitan, desde el momento que aterrizan hasta su posterior despegue. Contamos con un <strong>amplio seguro<\/strong> que te mantendr\u00e1 protegido en cualquier operaci\u00f3n.<\/p>\r\n<p><\/p><\/div><div id=\"duo-icon-130719526\" class=\"slide-in-container w-100   vc_custom_1649889093543\" ><div class=\"py-2 animate-in\" data-anim-type=\"fade-in-up\" data-anim-delay=\"0\"><div class=\"pix-feature-list text-20       py-2 d-flex align-items-center\" ><i class=\"pixicon-world-map-pin mr-2 text-primary\" ><\/i><span class=\"text-heading-default\">Aeronaves de carga especializadas para entregas internacionales.<\/span><\/div><div class=\"pix-feature-list text-20       py-2 d-flex align-items-center\" ><i class=\"pixicon-basket-star mr-2 text-primary\" ><\/i><span class=\"text-heading-default\">Transportamos tu carga a donde la necesites.<\/span><\/div><div class=\"pix-feature-list text-20       py-2 d-flex align-items-center\" ><i class=\"pixicon-map-pin-4-clock mr-2 text-primary\" ><\/i><span class=\"text-heading-default\">Servicio 24 horas para cualquier requerimiento de aviaci\u00f3n.<\/span><\/div><\/div><\/div><div class=\"pix-el-text slide-in-container w-100   vc_custom_1649957113904\" ><p class=\"text-18  text-dark-opacity-5\" ><\/p>\r\n<p class=\"text-justify\">Por favor contacta al Departamento de Ventas para confirmar las capacidades y horarios de las operaciones.<\/p>\r\n<p><\/p><\/div><a  href=\"https:\/\/aerocar.mx\/es\/contact\/\" class=\"btn mb-2     text-primary btn-link text-primary-light d-inline-block pix-hover-item  no-padding     btn-lg\"     ><span class=\"\" >Cont\u00e1ctanos<\/span> <i class=\"pixicon-angle-circle-right  pix-hover-right  ml-1\"><\/i><\/a><\/div><\/div><\/div><\/div><div id=\"pix_section_route\" class=\"vc_row wpb_row vc_row-fluid vc_row_visible vc_custom_1649975017177\"><div class=\"wpb_column vc_column_container vc_col-sm-6 text-left\"><div class=\"vc_column-inner\"><div class=\"wpb_wrapper\"><div id=\"1649873134534-35eda9cb-4135\" class=\"media  vc_custom_1649866251867\"><div class=\"mr-3 feature_img\"   style=\"position:relative;text-align:center;\"><i style=\"display:inline-block;font-size:30px;min-width:30px;line-height:30px;\" class=\"text-body-default align-middle pixicon-check-square-2\"><\/i><\/div><div class=\"media-body\"><h6 class=\"font-weight-bold   text-heading-default\" style=\"padding-top:5px;\"  ><\/h6><div class=\"text-text-gray text-20\" style=\"\"  ><\/div><\/div><\/div><div id=\"highlighted-text-48242492\" class=\"text-left  vc_custom_1649887269747\"><h3 class=\"text-heading-default\"  data-anim-type=\"\" data-anim-delay=\"0\"><span class=\"pix-highlighted-text  font-weight-normal  font-weight-bold heading-font highlighted-text-48242492-0 animate-in\" data-anim-type=\"highlight-grow\" data-anim-delay=\"200\">Ruta \/ ACMI<\/span><\/h3><\/div><div class=\"pix-el-text slide-in-container w-100   vc_custom_1649957380604\" ><p class=\"text-20  text-dark-opacity-5\" ><\/p>\r\n<p class=\"text-justify\">AEROCAR cuenta con la experiencia de operar <strong>rutas dedicadas con un horario establecido.<\/strong> Nos ocupamos de cada punto de la operaci\u00f3n, desde el almac\u00e9n hasta el destino final.<\/p>\r\n<p><\/p><\/div><div id=\"duo-icon-100418686\" class=\"slide-in-container w-100   vc_custom_1649887168584\" ><div class=\"py-2 animate-in\" data-anim-type=\"fade-in-up\" data-anim-delay=\"0\"><div class=\"pix-feature-list text-20       py-2 d-flex align-items-center\" ><i class=\"pixicon-arrow-right2 mr-2 text-primary\" ><\/i><span class=\"text-heading-default\">Partimos en menos de 2 horas.<\/span><\/div><div class=\"pix-feature-list text-20       py-2 d-flex align-items-center\" ><i class=\"pixicon-star-2 mr-2 text-primary\" ><\/i><span class=\"text-heading-default\">Servicio terrestre y a\u00e9reo de calidad.<\/span><\/div><div class=\"pix-feature-list text-20       py-2 d-flex align-items-center\" ><i class=\"pixicon-dropbox mr-2 text-primary\" ><\/i><span class=\"text-heading-default\">Enviamos todo tipo de mercanc\u00eda, desde documentaci\u00f3n, productos perecederos hasta manejo de animales y m\u00e1s.<\/span><\/div><div class=\"pix-feature-list text-20       py-2 d-flex align-items-center\" ><i class=\"pixicon-note-check mr-2 text-primary\" ><\/i><span class=\"text-heading-default\">Servicios adecuados a tus necesidades.<\/span><\/div><\/div><\/div><div class=\"pix-el-text slide-in-container w-100   vc_custom_1649957674057\" ><p class=\"text-18  text-dark-opacity-5\" ><\/p>\r\n<p class=\"text-justify\">Puedes decidir si necesitas un <strong>presupuesto ACMI o uno de Full-Service.<\/strong> Si\u00e9ntete con la libertad de contactar a nuestro Departamento de Ventas para comenzar a evaluar tu ruta; nuestros expertos investigar\u00e1n y te dar\u00e1n sugerencias sobre la mejor manera para operarla.<\/p>\r\n<p><\/p><\/div><a  href=\"https:\/\/aerocar.mx\/es\/contact\/\" class=\"btn mb-2     text-primary btn-link text-primary-light d-inline-block pix-hover-item  no-padding     btn-lg\"     ><span class=\"\" >Pregunta para m\u00e1s informaci\u00f3n<\/span> <i class=\"pixicon-angle-circle-right  pix-hover-right  ml-1\"><\/i><\/a><\/div><\/div><\/div><div class=\"wpb_column vc_column_container vc_col-sm-6 text-left\"><div class=\"vc_column-inner\"><div class=\"wpb_wrapper\">\n\t<div  class=\"wpb_single_image wpb_content_element vc_align_left wpb_content_element wpb_animate_when_almost_visible wpb_right-to-left right-to-left\">\n\t\t\n\t\t<figure class=\"wpb_wrapper vc_figure\">\n\t\t\t<div class=\"vc_single_image-wrapper   vc_box_border_grey\"><img loading=\"lazy\" decoding=\"async\" width=\"640\" height=\"875\" src=\"https:\/\/aerocar.mx\/wp-content\/uploads\/2022\/04\/depart-aerocar-airplane-map-749x1024.png\" class=\"vc_single_image-img attachment-large\" alt=\"\" title=\"depart-aerocar-airplane-map\" srcset=\"https:\/\/aerocar.mx\/wp-content\/uploads\/2022\/04\/depart-aerocar-airplane-map-749x1024.png 749w, https:\/\/aerocar.mx\/wp-content\/uploads\/2022\/04\/depart-aerocar-airplane-map-220x300.png 220w, https:\/\/aerocar.mx\/wp-content\/uploads\/2022\/04\/depart-aerocar-airplane-map-768x1050.png 768w, https:\/\/aerocar.mx\/wp-content\/uploads\/2022\/04\/depart-aerocar-airplane-map-9x12.png 9w, https:\/\/aerocar.mx\/wp-content\/uploads\/2022\/04\/depart-aerocar-airplane-map.png 1080w\" sizes=\"auto, (max-width: 640px) 100vw, 640px\" \/><\/div>\n\t\t<\/figure>\n\t<\/div>\n<\/div><\/div><\/div><\/div><div id=\"pix_section_trucking\" class=\"vc_row wpb_row vc_row-fluid vc_row_visible\"><div class=\"wpb_column vc_column_container vc_col-sm-6 text-left\"><div class=\"vc_column-inner\"><div class=\"wpb_wrapper\">\n\t<div  class=\"wpb_single_image wpb_content_element vc_align_left wpb_content_element wpb_animate_when_almost_visible wpb_left-to-right left-to-right\">\n\t\t\n\t\t<figure class=\"wpb_wrapper vc_figure\">\n\t\t\t<div class=\"vc_single_image-wrapper   vc_box_border_grey\"><img loading=\"lazy\" decoding=\"async\" width=\"1080\" height=\"1272\" src=\"https:\/\/aerocar.mx\/wp-content\/uploads\/2022\/04\/trucking-service-aerocar-2022.png\" class=\"vc_single_image-img attachment-full\" alt=\"\" title=\"trucking-service-aerocar-2022\" srcset=\"https:\/\/aerocar.mx\/wp-content\/uploads\/2022\/04\/trucking-service-aerocar-2022.png 1080w, https:\/\/aerocar.mx\/wp-content\/uploads\/2022\/04\/trucking-service-aerocar-2022-255x300.png 255w, https:\/\/aerocar.mx\/wp-content\/uploads\/2022\/04\/trucking-service-aerocar-2022-869x1024.png 869w, https:\/\/aerocar.mx\/wp-content\/uploads\/2022\/04\/trucking-service-aerocar-2022-768x905.png 768w, https:\/\/aerocar.mx\/wp-content\/uploads\/2022\/04\/trucking-service-aerocar-2022-10x12.png 10w\" sizes=\"auto, (max-width: 1080px) 100vw, 1080px\" \/><\/div>\n\t\t<\/figure>\n\t<\/div>\n<\/div><\/div><\/div><div class=\"wpb_column vc_column_container vc_col-sm-6 text-left\"><div class=\"vc_column-inner\"><div class=\"wpb_wrapper\"><div id=\"1649888735347-92748d45-5261\" class=\"media  vc_custom_1649866251867\"><div class=\"mr-3 feature_img\"   style=\"position:relative;text-align:center;\"><i style=\"display:inline-block;font-size:30px;min-width:30px;line-height:30px;\" class=\"text-body-default align-middle pixicon-check-square-2\"><\/i><\/div><div class=\"media-body\"><h6 class=\"font-weight-bold   text-heading-default\" style=\"padding-top:5px;\"  ><\/h6><div class=\"text-text-gray text-20\" style=\"\"  ><\/div><\/div><\/div><div id=\"highlighted-text-52649528\" class=\"text-left  vc_custom_1649918842047\"><h3 class=\"text-heading-default\"  data-anim-type=\"\" data-anim-delay=\"0\"><span class=\"font-weight-normal  heading-font\"> Servicio <\/span><span class=\"pix-highlighted-text  font-weight-normal  font-weight-bold heading-font highlighted-text-52649528-1 animate-in\" data-anim-type=\"highlight-grow\" data-anim-delay=\"200\">Terrestre<\/span><\/h3><\/div><div class=\"pix-el-text slide-in-container w-100   vc_custom_1649958108433\" ><p class=\"text-20  text-dark-opacity-5\" ><\/p>\r\n<p class=\"text-justify\">Servicio Dedicado y Expeditado.<br \/>\r\nTodas nuestras unidades cuentan con gafete \u00fanico y GPS.<\/p>\r\n<p><\/p><\/div><div id=\"duo-icon-55186344\" class=\"slide-in-container w-100   vc_custom_1649889053086\" ><div class=\"py-2 animate-in\" data-anim-type=\"fade-in-up\" data-anim-delay=\"0\"><div class=\"pix-feature-list text-20       py-2 d-flex align-items-center\" ><i class=\"pixicon-medal-star-2 mr-2 text-primary\" ><\/i><span class=\"text-heading-default\">Respuesta inmediata a todos tus env\u00edos de emergencia.<\/span><\/div><div class=\"pix-feature-list text-20       py-2 d-flex align-items-center\" ><i class=\"pixicon-star-2 mr-2 text-primary\" ><\/i><span class=\"text-heading-default\">Los servicios de ch\u00e1rter m\u00e1s eficientes del mercado.<\/span><\/div><div class=\"pix-feature-list text-20       py-2 d-flex align-items-center\" ><i class=\"pixicon-note-check mr-2 text-primary\" ><\/i><span class=\"text-heading-default\">Nuestros especialistas agilizan el proceso de aduanas para evitar retrasos en tus entregas.<\/span><\/div><\/div><\/div><div class=\"pix-el-text slide-in-container w-100   vc_custom_1649957821628\" ><p class=\"text-18  text-dark-opacity-5\" ><\/p>\r\n<p class=\"text-justify\">Podemos posicionar nuestras unidades en diferentes aeropuertos y almacenes fiscales para <strong>recolectar o entregar tu mercanc\u00eda en dep\u00f3sito a la Aduana Mexicana.<\/strong> As\u00ed como realizar cualquier viaje expedito fuera y dentro de la Rep\u00fablica Mexicana.<\/p>\r\n<p><\/p><\/div><a  href=\"https:\/\/aerocar.mx\/es\/trucking\/\" class=\"btn mb-2     text-primary btn-link text-primary-light d-inline-block pix-hover-item  no-padding     btn-lg\"     ><span class=\"\" >Unidades Terrestres<\/span> <i class=\"pixicon-angle-circle-right  pix-hover-right  ml-1\"><\/i><\/a><\/div><\/div><\/div><\/div><\/section><div class=\"vc_row-full-width vc_clearfix\"><\/div>\r\n<\/div>","protected":false},"excerpt":{"rendered":"AEROCAR: \u00bfQu\u00e9 ofrecemos?Aerocar provides high-quality air freight services. We are specialists committed to the safe delivery of your merchandise. About us Urgent Charter We have the certifications and training to collect and deliver any type of product. Aerocar, as a...","protected":false},"author":1,"featured_media":0,"parent":0,"menu_order":0,"comment_status":"closed","ping_status":"closed","template":"","meta":{"inline_featured_image":false,"footnotes":""},"class_list":["post-14187","page","type-page","status-publish","hentry"],"_links":{"self":[{"href":"https:\/\/aerocar.mx\/es\/wp-json\/wp\/v2\/pages\/14187","targetHints":{"allow":["GET"]}}],"collection":[{"href":"https:\/\/aerocar.mx\/es\/wp-json\/wp\/v2\/pages"}],"about":[{"href":"https:\/\/aerocar.mx\/es\/wp-json\/wp\/v2\/types\/page"}],"author":[{"embeddable":true,"href":"https:\/\/aerocar.mx\/es\/wp-json\/wp\/v2\/users\/1"}],"replies":[{"embeddable":true,"href":"https:\/\/aerocar.mx\/es\/wp-json\/wp\/v2\/comments?post=14187"}],"version-history":[{"count":43,"href":"https:\/\/aerocar.mx\/es\/wp-json\/wp\/v2\/pages\/14187\/revisions"}],"predecessor-version":[{"id":14294,"href":"https:\/\/aerocar.mx\/es\/wp-json\/wp\/v2\/pages\/14187\/revisions\/14294"}],"wp:attachment":[{"href":"https:\/\/aerocar.mx\/es\/wp-json\/wp\/v2\/media?parent=14187"}],"curies":[{"name":"wp","href":"https:\/\/api.w.org\/{rel}","templated":true}]}}